{"id":736,"date":"2017-03-24T15:03:57","date_gmt":"2017-03-24T14:03:57","guid":{"rendered":"http:\/\/lesfleursarctiques.noblogs.org\/?page_id=736"},"modified":"2025-03-20T10:23:21","modified_gmt":"2025-03-20T09:23:21","slug":"agenda","status":"publish","type":"page","link":"https:\/\/lesfleursarctiques.noblogs.org\/?page_id=736","title":{"rendered":"Agenda"},"content":{"rendered":"<p><span style=\"color: #008080\"><strong><a style=\"color: #008080\" href=\"https:\/\/lesfleursarctiques.noblogs.org\/?p=754\"><img loading=\"lazy\" decoding=\"async\" class=\"size-medium wp-image-768 alignleft\" src=\"https:\/\/lesfleursarctiques.noblogs.org\/files\/2018\/02\/fleurs_verticales-124x300.jpg\" alt=\"\" width=\"124\" height=\"300\" srcset=\"https:\/\/lesfleursarctiques.noblogs.org\/files\/2018\/02\/fleurs_verticales-124x300.jpg 124w, https:\/\/lesfleursarctiques.noblogs.org\/files\/2018\/02\/fleurs_verticales.jpg 141w\" sizes=\"auto, (max-width: 124px) 100vw, 124px\" \/><\/a><\/strong><\/span><\/p>\n<ul>\n<li><span style=\"color: #008080\"><strong><a style=\"color: #008080\" href=\"https:\/\/lesfleursarctiques.noblogs.org\/files\/2025\/03\/ProgrammeLFA_MarsMai2025.pdf\">Mars Mai 2025<\/a><\/strong><\/span><\/li>\n<li><span style=\"color: #008080\"><strong><a style=\"color: #008080\" href=\"https:\/\/lesfleursarctiques.noblogs.org\/?p=3193\">D\u00e9cembre 2024 F\u00e9vrier 2025<\/a><\/strong><\/span><\/li>\n<li><a href=\"https:\/\/lesfleursarctiques.noblogs.org\/?p=3158\"><span style=\"color: #008080\"><strong>Octobre Novembre 2024<\/strong><\/span><\/a><\/li>\n<li><span style=\"color: #008080\"><strong><a style=\"color: #008080\" href=\"https:\/\/lesfleursarctiques.noblogs.org\/?p=3081\">\u00c9t\u00e9 2024<\/a><\/strong><\/span><\/li>\n<li><span style=\"color: #008080\"><strong><a style=\"color: #008080\" href=\"https:\/\/lesfleursarctiques.noblogs.org\/files\/2024\/06\/SITE-LFA-Prog-06-07.24-02-scaled.jpg\">Juin \u00e0 juillet 2024<\/a><\/strong><\/span><\/li>\n<li><span style=\"color: #008080\"><strong><a style=\"color: #008080\" href=\"https:\/\/lesfleursarctiques.noblogs.org\/files\/2024\/03\/LFA-Prog-03-05.24-e1711584069562.jpg\">Mars \u00e0 mai 2024<\/a><\/strong><\/span><\/li>\n<li><a href=\"https:\/\/lesfleursarctiques.noblogs.org\/files\/2023\/11\/LFA-Prog-11.23-01.24-Copie.jpg\"><span style=\"color: #008080\"><strong>Novembre 2023 \u00e0 janvier 2024<\/strong><\/span><\/a><\/li>\n<li><a href=\"https:\/\/lesfleursarctiques.noblogs.org\/?p=2788\"><span style=\"color: #008080\"><strong>Octobre 2023<\/strong><\/span><\/a><\/li>\n<li><a href=\"https:\/\/lesfleursarctiques.noblogs.org\/files\/2023\/01\/Agenda_LFA_01-04.23.pdf\"><span style=\"color: #008080\"><strong>Janvier Avril 2023<\/strong><\/span><\/a><\/li>\n<li><a href=\"https:\/\/lesfleursarctiques.noblogs.org\/files\/2022\/10\/Agenda-OctDec-2022.pdf\"><span style=\"color: #008080\"><strong>Octobre D\u00e9cembre 2022\u00a0 <\/strong><\/span><\/a>Rectificatif : le d\u00e9montage judiciaire du 10 d\u00e9cembre a lieu \u00e0 17h et non 19h.<\/li>\n<li><a href=\"https:\/\/lesfleursarctiques.noblogs.org\/files\/2022\/04\/Agenda-Avril-Juin-2022.pdf\"><strong><span style=\"color: #008080\">Avril-Juin 2022<\/span><\/strong><\/a><\/li>\n<li><span style=\"color: #008080\"><strong><a style=\"color: #008080\" href=\"https:\/\/lesfleursarctiques.noblogs.org\/files\/2022\/01\/Agenda-Janvier-Mars-2022.pdf\">Janvier-Mars 2022<\/a><\/strong><\/span><\/li>\n<li><span style=\"color: #008080\"><strong><a style=\"color: #008080\" href=\"https:\/\/lesfleursarctiques.noblogs.org\/?p=1881&amp;preview_id=1881&amp;preview_nonce=9cbe7cb80c&amp;post_format=standard&amp;_thumbnail_id=-1&amp;preview=true\">Mars-Avril 2021<\/a><\/strong><\/span><\/li>\n<li><span style=\"color: #008080\"><strong><a style=\"color: #008080\" href=\"https:\/\/lesfleursarctiques.noblogs.org\/?p=1857\">Janvier-F\u00e9vrier 2021<\/a><\/strong><\/span><\/li>\n<li><span style=\"color: #008080\"><strong><a style=\"color: #008080\" href=\"https:\/\/lesfleursarctiques.noblogs.org\/?p=1836\">Novembre 2020<\/a><\/strong><\/span><\/li>\n<li><span style=\"color: #008080\"><strong><a style=\"color: #008080\" href=\"https:\/\/lesfleursarctiques.noblogs.org\/?p=1775\">Septembre-Octobre 2020<\/a><\/strong><\/span><\/li>\n<li><span style=\"color: #008080\"><strong><a style=\"color: #008080\" href=\"https:\/\/lesfleursarctiques.noblogs.org\/?p=1126\">Mars 2019<\/a><\/strong><\/span><\/li>\n<li><span style=\"color: #008080\"><strong><a style=\"color: #008080\" href=\"https:\/\/lesfleursarctiques.noblogs.org\/?p=1128\">F\u00e9vrier 2019<\/a><\/strong><\/span><\/li>\n<li><span style=\"color: #008080\"><strong><a style=\"color: #008080\" href=\"https:\/\/lesfleursarctiques.noblogs.org\/?p=1130\">Janvier 2019<\/a><\/strong><\/span><\/li>\n<li><span style=\"color: #008080\"><strong><a style=\"color: #008080\" href=\"https:\/\/lesfleursarctiques.noblogs.org\/?p=1132\">D\u00e9cembre 2018<\/a><\/strong><\/span><\/li>\n<li><span style=\"color: #008080\"><strong><a style=\"color: #008080\" href=\"https:\/\/lesfleursarctiques.noblogs.org\/?p=1134\">Novembre 2018<\/a><\/strong><\/span><\/li>\n<li><span style=\"color: #008080\"><strong><a style=\"color: #008080\" href=\"https:\/\/lesfleursarctiques.noblogs.org\/?p=1136\">Octobre 2018<\/a><\/strong><\/span><\/li>\n<li><span style=\"color: #008080\"><strong><a style=\"color: #008080\" href=\"https:\/\/lesfleursarctiques.noblogs.org\/?p=1141\">Septembre 2018<\/a><\/strong><\/span><\/li>\n<li><span style=\"color: #008080\"><strong><a style=\"color: #008080\" href=\"https:\/\/lesfleursarctiques.noblogs.org\/?p=1143\">Ao\u00fbt 2018<\/a><\/strong><\/span><\/li>\n<li><span style=\"color: #008080\"><strong><a style=\"color: #008080\" href=\"https:\/\/lesfleursarctiques.noblogs.org\/?p=1146\">Juillet 2018<\/a><\/strong><\/span><\/li>\n<li><span style=\"color: #008080\"><strong><a style=\"color: #008080\" href=\"https:\/\/lesfleursarctiques.noblogs.org\/?p=1151&amp;preview=true\">Juin 2018<\/a><\/strong><\/span><\/li>\n<li><span style=\"color: #008080\"><strong><a style=\"color: #008080\" href=\"https:\/\/lesfleursarctiques.noblogs.org\/?p=754\">Mai 2018<\/a><\/strong><\/span><\/li>\n<li><span style=\"color: #008080\"><strong><a style=\"color: #008080\" href=\"https:\/\/lesfleursarctiques.noblogs.org\/?p=750\">Avril 2018<\/a><\/strong><\/span><\/li>\n<li><a href=\"https:\/\/lesfleursarctiques.noblogs.org\/?p=740\"><span style=\"color: #008080\"><strong>Mars 2018<\/strong><\/span><\/a><\/li>\n<\/ul>\n","protected":false},"excerpt":{"rendered":"<p>Mars Mai 2025 D\u00e9cembre 2024 F\u00e9vrier 2025 Octobre Novembre 2024 \u00c9t\u00e9 2024 Juin \u00e0 juillet 2024 Mars \u00e0 mai 2024 Novembre 2023 \u00e0 janvier 2024 Octobre 2023 Janvier Avril 2023 Octobre D\u00e9cembre 2022\u00a0 Rectificatif : le d\u00e9montage judiciaire du 10 d\u00e9cembre a lieu \u00e0 17h et non 19h. Avril-Juin 2022 Janvier-Mars 2022 Mars-Avril 2021 Janvier-F\u00e9vrier &hellip; <\/p>\n<p class=\"link-more\"><a href=\"https:\/\/lesfleursarctiques.noblogs.org\/?page_id=736\" class=\"more-link\">Continuer la lecture<span class=\"screen-reader-text\"> de &laquo;&nbsp;Agenda&nbsp;&raquo;<\/span><\/a><\/p>\n","protected":false},"author":11668,"featured_media":0,"parent":0,"menu_order":0,"comment_status":"closed","ping_status":"closed","template":"","meta":{"footnotes":""},"class_list":["post-736","page","type-page","status-publish","hentry"],"_links":{"self":[{"href":"https:\/\/lesfleursarctiques.noblogs.org\/index.php?rest_route=\/wp\/v2\/pages\/736","targetHints":{"allow":["GET"]}}],"collection":[{"href":"https:\/\/lesfleursarctiques.noblogs.org\/index.php?rest_route=\/wp\/v2\/pages"}],"about":[{"href":"https:\/\/lesfleursarctiques.noblogs.org\/index.php?rest_route=\/wp\/v2\/types\/page"}],"author":[{"embeddable":true,"href":"https:\/\/lesfleursarctiques.noblogs.org\/index.php?rest_route=\/wp\/v2\/users\/11668"}],"replies":[{"embeddable":true,"href":"https:\/\/lesfleursarctiques.noblogs.org\/index.php?rest_route=%2Fwp%2Fv2%2Fcomments&post=736"}],"version-history":[{"count":22,"href":"https:\/\/lesfleursarctiques.noblogs.org\/index.php?rest_route=\/wp\/v2\/pages\/736\/revisions"}],"predecessor-version":[{"id":3346,"href":"https:\/\/lesfleursarctiques.noblogs.org\/index.php?rest_route=\/wp\/v2\/pages\/736\/revisions\/3346"}],"wp:attachment":[{"href":"https:\/\/lesfleursarctiques.noblogs.org\/index.php?rest_route=%2Fwp%2Fv2%2Fmedia&parent=736"}],"curies":[{"name":"wp","href":"https:\/\/api.w.org\/{rel}","templated":true}]}}