{"id":3094,"date":"2017-03-19T12:00:16","date_gmt":"2017-03-19T11:00:16","guid":{"rendered":"https:\/\/lesfleursarctiques.noblogs.org\/?page_id=3094"},"modified":"2025-12-12T19:34:29","modified_gmt":"2025-12-12T18:34:29","slug":"demontages-judiciaires","status":"publish","type":"page","link":"https:\/\/lesfleursarctiques.noblogs.org\/?page_id=3094","title":{"rendered":"D\u00e9montages judiciaires"},"content":{"rendered":"\n<p>Saboter la machine judiciaire implique de comprendre comment fonctionnent ses rouages quand elle s\u2019exerce, comment elle peaufine ses engrenages pour mieux nous broyer. Alors il nous a sembl\u00e9 pertinent de proposer des occasions de pratiquer ensemble des d\u00e9montages, en se donnant le loisir d\u2019accorder collectivement toute notre attention \u00e0 des d\u00e9constructions aussi m\u00e9ticuleuses que possible d\u2019affaires judiciaires pr\u00e9cises, pass\u00e9es ou actuelles, pour mieux se pr\u00e9parer \u00e0 affronter la justice et la r\u00e9pression quand nous nous retrouvons contraint de le faire.<br>\nChaque affaire est singuli\u00e8re, et toutes ou presque pourront nous int\u00e9resser, qu\u2019elles aient d\u00e9fray\u00e9 la chronique, marqu\u00e9 l\u2019Histoire ou qu\u2019elles participent d\u2019un fonctionnement quotidien d\u2019une justice toujours trop pr\u00e8s de la vie de tout un chacun, et on esp\u00e8re que comprendre ces affaires sp\u00e9cifiques nous permettra d\u2019en savoir plus sur le fonctionnement de l\u2019ensemble du dispositif, et de trouver comment s\u2019y opposer.<\/p>\n\n\n\n<p>Concr\u00e8tement, on propose un rendez-vous r\u00e9gulier et public (une fois par programme) pour plonger ensemble dans une affaire choisie pr\u00e9alablement selon les propositions ou occasions, et sur laquelle ceux et celles qui voudront le faire se seront pench\u00e9 en amont, \u00e0 partir des documents et informations qu\u2019on peut r\u00e9unir selon les cas, pour restituer aux autres \u00e0 la fois la construction de l\u2019accusation et la strat\u00e9gie de d\u00e9fense choisie ainsi que la mani\u00e8re dont elle s\u2019est \u00e9labor\u00e9e. On pourra ensuite tous discuter \u00e0 partir de ces \u00e9l\u00e9ments, en s\u2019inspirant des formes de prises en charge collective des d\u00e9fenses qui se sont d\u00e9velopp\u00e9es dans les suites de mai 68, par exemple, mais sous une forme \u00ab d\u00e9sactualis\u00e9e \u00bb, hors des enjeux imm\u00e9diats d\u2019une d\u00e9fense r\u00e9elle en cours. Pas besoin de connaissances sp\u00e9cifiques pr\u00e9alables, bien s\u00fbr, pour participer, d\u2019autant plus que le point de vue que nous choisirons d\u2019adopter c\u2019est celui de tous ceux et touts celles qui peuvent se retrouver face aux tribunaux et qui ne sont pas pr\u00eats \u00e0 laisser la machine judiciaire les broyer, et pas celui des sp\u00e9cialistes ou relais de la justice auquel trop souvent le champ libre est laiss\u00e9, parce que tout est fait pour nous conduire \u00e0 le leur abandonner. Il s\u2019agirait donc au contraire de s\u2019habituer \u00e0 ne plus d\u00e9serter le champ de l\u2019\u00e9laboration collective, et de chercher \u00e0 donner un sens concret \u00e0 la notion de d\u00e9fense collective \u00bb.<\/p>\n\n\n\n<p class=\"has-text-align-center\">&#8212;<\/p>\n\n\n\n<p class=\"has-text-align-center\"><a href=\"https:\/\/lesfleursarctiques.noblogs.org\/?p=2154\"><strong>D\u00e9montage Judiciaire : L\u2019incendie du Reichstag et Marinus Van Der Lubbe<\/strong><\/a><\/p>\n\n\n\n<p class=\"has-text-align-center\">&#8212;<\/p>\n\n\n\n<p class=\"has-text-align-center\"><strong><a href=\"https:\/\/lesfleursarctiques.noblogs.org\/?p=2293\">D\u00e9montage judiciaire : les proc\u00e8s staliniens<\/a><\/strong><\/p>\n\n\n<div class=\"wp-block-image\">\n<figure class=\"aligncenter\"><img loading=\"lazy\" decoding=\"async\" width=\"1810\" height=\"2560\" src=\"https:\/\/lesfleursarctiques.noblogs.org\/files\/2024\/09\/demontageprocesmoscoudocdef-1-scaled.jpg\" alt=\"\" class=\"wp-image-3109\" srcset=\"https:\/\/lesfleursarctiques.noblogs.org\/files\/2024\/09\/demontageprocesmoscoudocdef-1-scaled.jpg 1810w, https:\/\/lesfleursarctiques.noblogs.org\/files\/2024\/09\/demontageprocesmoscoudocdef-1-212x300.jpg 212w, https:\/\/lesfleursarctiques.noblogs.org\/files\/2024\/09\/demontageprocesmoscoudocdef-1-724x1024.jpg 724w, https:\/\/lesfleursarctiques.noblogs.org\/files\/2024\/09\/demontageprocesmoscoudocdef-1-768x1086.jpg 768w, https:\/\/lesfleursarctiques.noblogs.org\/files\/2024\/09\/demontageprocesmoscoudocdef-1-1086x1536.jpg 1086w, https:\/\/lesfleursarctiques.noblogs.org\/files\/2024\/09\/demontageprocesmoscoudocdef-1-1448x2048.jpg 1448w\" sizes=\"auto, (max-width: 767px) 89vw, (max-width: 1000px) 54vw, (max-width: 1071px) 543px, 580px\" \/><\/figure>\n<\/div>\n\n\n<p class=\"has-text-align-center\"><a href=\"https:\/\/lesfleursarctiques.noblogs.org\/files\/2024\/09\/demontageprocesmoscoudocdef.pdf\"><em>Liasse du d\u00e9montage judiciaire<\/em><\/a><\/p>\n\n\n\n<p class=\"has-text-align-center\">&#8212;<\/p>\n\n\n\n<p class=\"has-text-align-center\"><strong><a href=\"https:\/\/lesfleursarctiques.noblogs.org\/?p=2295\">D\u00e9montage judiciaire : les proc\u00e8s de sorci\u00e8res<\/a><\/strong><\/p>\n\n\n\n<p class=\"has-text-align-center\">&#8212;<\/p>\n\n\n\n<p class=\"has-text-align-center\"><strong><a href=\"https:\/\/lesfleursarctiques.noblogs.org\/?p=2447\">D\u00e9montage judiciaire \u2013 L\u2019affaire Pierre Rivi\u00e8re<\/a><\/strong><\/p>\n\n\n<div class=\"wp-block-image\">\n<figure class=\"aligncenter\"><img loading=\"lazy\" decoding=\"async\" width=\"2560\" height=\"1810\" src=\"https:\/\/lesfleursarctiques.noblogs.org\/files\/2024\/09\/DJpierreriviere-1-scaled.jpg\" alt=\"\" class=\"wp-image-3110\" srcset=\"https:\/\/lesfleursarctiques.noblogs.org\/files\/2024\/09\/DJpierreriviere-1-scaled.jpg 2560w, https:\/\/lesfleursarctiques.noblogs.org\/files\/2024\/09\/DJpierreriviere-1-300x212.jpg 300w, https:\/\/lesfleursarctiques.noblogs.org\/files\/2024\/09\/DJpierreriviere-1-1024x724.jpg 1024w, https:\/\/lesfleursarctiques.noblogs.org\/files\/2024\/09\/DJpierreriviere-1-768x543.jpg 768w, https:\/\/lesfleursarctiques.noblogs.org\/files\/2024\/09\/DJpierreriviere-1-1536x1086.jpg 1536w, https:\/\/lesfleursarctiques.noblogs.org\/files\/2024\/09\/DJpierreriviere-1-2048x1448.jpg 2048w\" sizes=\"auto, (max-width: 767px) 89vw, (max-width: 1000px) 54vw, (max-width: 1071px) 543px, 580px\" \/><\/figure>\n<\/div>\n\n\n<p class=\"has-text-align-center\"><a href=\"https:\/\/lesfleursarctiques.noblogs.org\/files\/2024\/09\/DJpierreriviere.pdf\"><em>Liasse du d\u00e9montage judiciaire<\/em><\/a><\/p>\n\n\n\n<p class=\"has-text-align-center\">&#8212;<\/p>\n\n\n\n<p class=\"has-text-align-center\"><strong><a href=\"https:\/\/lesfleursarctiques.noblogs.org\/?p=2815\">D\u00e9montage judiciaire de l\u2019affaire \u00abMachine \u00e0 expulser\u00bb<\/a><\/strong><\/p>\n\n\n<div class=\"wp-block-image\">\n<figure class=\"aligncenter\"><img loading=\"lazy\" decoding=\"async\" width=\"2560\" height=\"1808\" src=\"https:\/\/lesfleursarctiques.noblogs.org\/files\/2024\/09\/demontagedefmachineaexpulser-2-1-scaled.jpg\" alt=\"\" class=\"wp-image-3108\" srcset=\"https:\/\/lesfleursarctiques.noblogs.org\/files\/2024\/09\/demontagedefmachineaexpulser-2-1-scaled.jpg 2560w, https:\/\/lesfleursarctiques.noblogs.org\/files\/2024\/09\/demontagedefmachineaexpulser-2-1-300x212.jpg 300w, https:\/\/lesfleursarctiques.noblogs.org\/files\/2024\/09\/demontagedefmachineaexpulser-2-1-1024x723.jpg 1024w, https:\/\/lesfleursarctiques.noblogs.org\/files\/2024\/09\/demontagedefmachineaexpulser-2-1-768x542.jpg 768w, https:\/\/lesfleursarctiques.noblogs.org\/files\/2024\/09\/demontagedefmachineaexpulser-2-1-1536x1085.jpg 1536w, https:\/\/lesfleursarctiques.noblogs.org\/files\/2024\/09\/demontagedefmachineaexpulser-2-1-2048x1447.jpg 2048w\" sizes=\"auto, (max-width: 767px) 89vw, (max-width: 1000px) 54vw, (max-width: 1071px) 543px, 580px\" \/><\/figure>\n<\/div>\n\n\n<p class=\"has-text-align-center\"><a href=\"https:\/\/lesfleursarctiques.noblogs.org\/files\/2024\/09\/demontagedefmachineaexpulser-2.pdf\"><em>Liasse du d\u00e9montage judiciaire<\/em><\/a><\/p>\n\n\n\n<p class=\"has-text-align-center\">&#8212;<\/p>\n\n\n\n<p class=\"has-text-align-center\"><strong><a href=\"https:\/\/lesfleursarctiques.noblogs.org\/?p=2924\">D\u00e9montage Judiciaire : L\u2019affaire Schwartzbard<\/a><\/strong><\/p>\n\n\n<div class=\"wp-block-image\">\n<figure class=\"aligncenter\"><img loading=\"lazy\" decoding=\"async\" width=\"1810\" height=\"2560\" src=\"https:\/\/lesfleursarctiques.noblogs.org\/files\/2024\/09\/demontage_schwartzbard-1-scaled.jpg\" alt=\"\" class=\"wp-image-3107\" srcset=\"https:\/\/lesfleursarctiques.noblogs.org\/files\/2024\/09\/demontage_schwartzbard-1-scaled.jpg 1810w, https:\/\/lesfleursarctiques.noblogs.org\/files\/2024\/09\/demontage_schwartzbard-1-212x300.jpg 212w, https:\/\/lesfleursarctiques.noblogs.org\/files\/2024\/09\/demontage_schwartzbard-1-724x1024.jpg 724w, https:\/\/lesfleursarctiques.noblogs.org\/files\/2024\/09\/demontage_schwartzbard-1-768x1086.jpg 768w, https:\/\/lesfleursarctiques.noblogs.org\/files\/2024\/09\/demontage_schwartzbard-1-1086x1536.jpg 1086w, https:\/\/lesfleursarctiques.noblogs.org\/files\/2024\/09\/demontage_schwartzbard-1-1448x2048.jpg 1448w\" sizes=\"auto, (max-width: 767px) 89vw, (max-width: 1000px) 54vw, (max-width: 1071px) 543px, 580px\" \/><\/figure>\n<\/div>\n\n\n<p class=\"has-text-align-center\"><a href=\"https:\/\/lesfleursarctiques.noblogs.org\/files\/2024\/09\/demontage_schwartzbard.pdf\"><em>Liasse du d\u00e9montage judiciaire<\/em><\/a><\/p>\n\n\n\n<p class=\"has-text-align-center\">&#8212;<\/p>\n\n\n\n<p class=\"has-text-align-center\"><a href=\"https:\/\/lesfleursarctiques.noblogs.org\/?p=3210\"><strong>D\u00e9montage Judiciaire : L\u2019affaire des 17<\/strong><\/a><\/p>\n\n\n<div class=\"wp-block-image\">\n<figure class=\"aligncenter\"><img loading=\"lazy\" decoding=\"async\" width=\"1810\" height=\"2560\" src=\"https:\/\/lesfleursarctiques.noblogs.org\/files\/2024\/12\/demontage_17-scaled.jpg\" alt=\"\" class=\"wp-image-3248\" srcset=\"https:\/\/lesfleursarctiques.noblogs.org\/files\/2024\/12\/demontage_17-scaled.jpg 1810w, https:\/\/lesfleursarctiques.noblogs.org\/files\/2024\/12\/demontage_17-212x300.jpg 212w, https:\/\/lesfleursarctiques.noblogs.org\/files\/2024\/12\/demontage_17-724x1024.jpg 724w, https:\/\/lesfleursarctiques.noblogs.org\/files\/2024\/12\/demontage_17-768x1086.jpg 768w, https:\/\/lesfleursarctiques.noblogs.org\/files\/2024\/12\/demontage_17-1086x1536.jpg 1086w, https:\/\/lesfleursarctiques.noblogs.org\/files\/2024\/12\/demontage_17-1448x2048.jpg 1448w\" sizes=\"auto, (max-width: 767px) 89vw, (max-width: 1000px) 54vw, (max-width: 1071px) 543px, 580px\" \/><\/figure>\n<\/div>\n\n\n<p class=\"has-text-align-center\"><a href=\"https:\/\/lesfleursarctiques.noblogs.org\/files\/2024\/12\/demontage_17.pdf\"><em>Liasse du d\u00e9montage judiciaire<\/em><\/a><\/p>\n\n\n\n<p class=\"has-text-align-center\">&#8212;<\/p>\n\n\n\n<p class=\"has-text-align-center\"><strong>D\u00e9montage judiciaire : L&rsquo;affaire Bruay en Artois<\/strong><\/p>\n\n\n\n<figure class=\"wp-block-image size-large\"><img loading=\"lazy\" decoding=\"async\" width=\"725\" height=\"1024\" src=\"https:\/\/lesfleursarctiques.noblogs.org\/files\/2025\/09\/bruaydef-1-1_page-0001-725x1024.jpg\" alt=\"\" class=\"wp-image-3512\" srcset=\"https:\/\/lesfleursarctiques.noblogs.org\/files\/2025\/09\/bruaydef-1-1_page-0001-725x1024.jpg 725w, https:\/\/lesfleursarctiques.noblogs.org\/files\/2025\/09\/bruaydef-1-1_page-0001-212x300.jpg 212w, https:\/\/lesfleursarctiques.noblogs.org\/files\/2025\/09\/bruaydef-1-1_page-0001-768x1085.jpg 768w, https:\/\/lesfleursarctiques.noblogs.org\/files\/2025\/09\/bruaydef-1-1_page-0001-1087x1536.jpg 1087w, https:\/\/lesfleursarctiques.noblogs.org\/files\/2025\/09\/bruaydef-1-1_page-0001.jpg 1241w\" sizes=\"auto, (max-width: 725px) 100vw, 725px\" \/><\/figure>\n\n\n\n<p class=\"has-text-align-center\"><em><a href=\"https:\/\/lesfleursarctiques.noblogs.org\/files\/2025\/09\/bruaydef-1.pdf\" data-type=\"link\" data-id=\"https:\/\/lesfleursarctiques.noblogs.org\/files\/2025\/09\/bruaydef-1.pdf\">Liasse du d\u00e9montage judiciaire<\/a><\/em><\/p>\n\n\n\n<p><\/p>\n","protected":false},"excerpt":{"rendered":"<p>Saboter la machine judiciaire implique de comprendre comment fonctionnent ses rouages quand elle s\u2019exerce, comment elle peaufine ses engrenages pour mieux nous broyer. Alors il nous a sembl\u00e9 pertinent de proposer des occasions de pratiquer ensemble des d\u00e9montages, en se donnant le loisir d\u2019accorder collectivement toute notre attention \u00e0 des d\u00e9constructions aussi m\u00e9ticuleuses que possible &hellip; <\/p>\n<p class=\"link-more\"><a href=\"https:\/\/lesfleursarctiques.noblogs.org\/?page_id=3094\" class=\"more-link\">Continuer la lecture<span class=\"screen-reader-text\"> de &laquo;&nbsp;D\u00e9montages judiciaires&nbsp;&raquo;<\/span><\/a><\/p>\n","protected":false},"author":11668,"featured_media":0,"parent":0,"menu_order":0,"comment_status":"closed","ping_status":"closed","template":"","meta":{"footnotes":""},"class_list":["post-3094","page","type-page","status-publish","hentry"],"_links":{"self":[{"href":"https:\/\/lesfleursarctiques.noblogs.org\/index.php?rest_route=\/wp\/v2\/pages\/3094","targetHints":{"allow":["GET"]}}],"collection":[{"href":"https:\/\/lesfleursarctiques.noblogs.org\/index.php?rest_route=\/wp\/v2\/pages"}],"about":[{"href":"https:\/\/lesfleursarctiques.noblogs.org\/index.php?rest_route=\/wp\/v2\/types\/page"}],"author":[{"embeddable":true,"href":"https:\/\/lesfleursarctiques.noblogs.org\/index.php?rest_route=\/wp\/v2\/users\/11668"}],"replies":[{"embeddable":true,"href":"https:\/\/lesfleursarctiques.noblogs.org\/index.php?rest_route=%2Fwp%2Fv2%2Fcomments&post=3094"}],"version-history":[{"count":9,"href":"https:\/\/lesfleursarctiques.noblogs.org\/index.php?rest_route=\/wp\/v2\/pages\/3094\/revisions"}],"predecessor-version":[{"id":3516,"href":"https:\/\/lesfleursarctiques.noblogs.org\/index.php?rest_route=\/wp\/v2\/pages\/3094\/revisions\/3516"}],"wp:attachment":[{"href":"https:\/\/lesfleursarctiques.noblogs.org\/index.php?rest_route=%2Fwp%2Fv2%2Fmedia&parent=3094"}],"curies":[{"name":"wp","href":"https:\/\/api.w.org\/{rel}","templated":true}]}}