{"id":287,"date":"2017-03-17T02:40:11","date_gmt":"2017-03-17T01:40:11","guid":{"rendered":"http:\/\/lesfleursarctiques.noblogs.org\/?page_id=287"},"modified":"2025-03-20T10:32:10","modified_gmt":"2025-03-20T09:32:10","slug":"distribution","status":"publish","type":"page","link":"https:\/\/lesfleursarctiques.noblogs.org\/?page_id=287","title":{"rendered":"Distribution"},"content":{"rendered":"<p><img loading=\"lazy\" decoding=\"async\" class=\"alignleft\" src=\"https:\/\/lesfleursarctiques.noblogs.org\/files\/2019\/02\/IMG_E1231-e1522070351136.jpg\" width=\"259\" height=\"251\" \/><\/p>\n<p><span style=\"color: #008080\">Le catalogue des publications que nous diffusons est r\u00e9guli\u00e8rement mis \u00e0 jour, il est disponible sur place en version papier, on peut aussi le demander par mail. Il est t\u00e9l\u00e9chargeable pour consultation <a href=\"https:\/\/lesfleursarctiques.noblogs.org\/files\/2019\/02\/distro_site.pdf\">ici<\/a>, et pour impression <a href=\"https:\/\/lesfleursarctiques.noblogs.org\/files\/2019\/02\/distro_mise_en_page.pdf\">l\u00e0<\/a><br \/>\n<\/span><\/p>\n<p><img decoding=\"async\" src=\"https:\/\/lesfleursarctiques.noblogs.org\/files\/2019\/02\/distro_site-1.jpg\" \/><\/p>\n<p><img decoding=\"async\" src=\"https:\/\/lesfleursarctiques.noblogs.org\/files\/2019\/02\/distro_site-2.jpg\" \/><\/p>\n<p><img decoding=\"async\" src=\"https:\/\/lesfleursarctiques.noblogs.org\/files\/2019\/02\/distro_site-3.jpg\" \/><\/p>\n<p><img decoding=\"async\" src=\"https:\/\/lesfleursarctiques.noblogs.org\/files\/2019\/02\/distro_site-4.jpg\" \/><\/p>\n<p><img decoding=\"async\" src=\"https:\/\/lesfleursarctiques.noblogs.org\/files\/2019\/02\/distro_site-5.jpg\" \/><\/p>\n<p><img decoding=\"async\" src=\"https:\/\/lesfleursarctiques.noblogs.org\/files\/2019\/02\/distro_site-6.jpg\" \/><\/p>\n<p><img decoding=\"async\" src=\"https:\/\/lesfleursarctiques.noblogs.org\/files\/2019\/02\/distro_site-7.jpg\" \/><\/p>\n<p><img decoding=\"async\" src=\"https:\/\/lesfleursarctiques.noblogs.org\/files\/2019\/02\/distro_site-8.jpg\" \/><\/p>\n<p><img decoding=\"async\" src=\"https:\/\/lesfleursarctiques.noblogs.org\/files\/2019\/02\/distro_site-9.jpg\" \/><\/p>\n<p><img decoding=\"async\" src=\"https:\/\/lesfleursarctiques.noblogs.org\/files\/2019\/02\/distro_site-10.jpg\" \/><\/p>\n<p><img decoding=\"async\" src=\"https:\/\/lesfleursarctiques.noblogs.org\/files\/2019\/02\/distro_site-11.jpg\" \/><\/p>\n<p><img decoding=\"async\" src=\"https:\/\/lesfleursarctiques.noblogs.org\/files\/2019\/02\/distro_site-12.jpg\" \/><\/p>\n<p><img decoding=\"async\" src=\"https:\/\/lesfleursarctiques.noblogs.org\/files\/2019\/02\/distro_site-13.jpg\" \/><\/p>\n<p><img decoding=\"async\" src=\"https:\/\/lesfleursarctiques.noblogs.org\/files\/2019\/02\/distro_site-14.jpg\" \/><\/p>\n","protected":false},"excerpt":{"rendered":"<p>Le catalogue des publications que nous diffusons est r\u00e9guli\u00e8rement mis \u00e0 jour, il est disponible sur place en version papier, on peut aussi le demander par mail. Il est t\u00e9l\u00e9chargeable pour consultation ici, et pour impression l\u00e0<\/p>\n","protected":false},"author":11668,"featured_media":0,"parent":0,"menu_order":0,"comment_status":"closed","ping_status":"closed","template":"","meta":{"footnotes":""},"class_list":["post-287","page","type-page","status-publish","hentry"],"_links":{"self":[{"href":"https:\/\/lesfleursarctiques.noblogs.org\/index.php?rest_route=\/wp\/v2\/pages\/287","targetHints":{"allow":["GET"]}}],"collection":[{"href":"https:\/\/lesfleursarctiques.noblogs.org\/index.php?rest_route=\/wp\/v2\/pages"}],"about":[{"href":"https:\/\/lesfleursarctiques.noblogs.org\/index.php?rest_route=\/wp\/v2\/types\/page"}],"author":[{"embeddable":true,"href":"https:\/\/lesfleursarctiques.noblogs.org\/index.php?rest_route=\/wp\/v2\/users\/11668"}],"replies":[{"embeddable":true,"href":"https:\/\/lesfleursarctiques.noblogs.org\/index.php?rest_route=%2Fwp%2Fv2%2Fcomments&post=287"}],"version-history":[{"count":14,"href":"https:\/\/lesfleursarctiques.noblogs.org\/index.php?rest_route=\/wp\/v2\/pages\/287\/revisions"}],"predecessor-version":[{"id":1197,"href":"https:\/\/lesfleursarctiques.noblogs.org\/index.php?rest_route=\/wp\/v2\/pages\/287\/revisions\/1197"}],"wp:attachment":[{"href":"https:\/\/lesfleursarctiques.noblogs.org\/index.php?rest_route=%2Fwp%2Fv2%2Fmedia&parent=287"}],"curies":[{"name":"wp","href":"https:\/\/api.w.org\/{rel}","templated":true}]}}