{"id":2158,"date":"2017-03-18T15:17:08","date_gmt":"2017-03-18T14:17:08","guid":{"rendered":"https:\/\/lesfleursarctiques.noblogs.org\/?page_id=2158"},"modified":"2025-03-20T10:31:53","modified_gmt":"2025-03-20T09:31:53","slug":"publications","status":"publish","type":"page","link":"https:\/\/lesfleursarctiques.noblogs.org\/?page_id=2158","title":{"rendered":"Publications"},"content":{"rendered":"<p><a href=\"https:\/\/lesfleursarctiques.noblogs.org\/files\/2022\/01\/MujeresLiberes-44p-A5.pdf\"><img loading=\"lazy\" decoding=\"async\" class=\"alignright wp-image-472\" src=\"https:\/\/lesfleursarctiques.noblogs.org\/files\/2017\/10\/ML-722x1024.jpg\" alt=\"\" width=\"300\" height=\"426\" srcset=\"https:\/\/lesfleursarctiques.noblogs.org\/files\/2017\/10\/ML-722x1024.jpg 722w, https:\/\/lesfleursarctiques.noblogs.org\/files\/2017\/10\/ML-211x300.jpg 211w, https:\/\/lesfleursarctiques.noblogs.org\/files\/2017\/10\/ML-768x1090.jpg 768w, https:\/\/lesfleursarctiques.noblogs.org\/files\/2017\/10\/ML.jpg 1748w\" sizes=\"auto, (max-width: 300px) 100vw, 300px\" \/><\/a><\/p>\n<p>&nbsp;<\/p>\n<p>&nbsp;<\/p>\n<p style=\"text-align: center\"><strong>Les Mujeres Libres et la question de la \u00ab\u00a0non-mixit\u00e9\u00a0\u00bb<\/strong><br \/>\nAvec des textes de Luc\u00eda S\u00e1nchez Saornil (1935)<br \/>\nLes Fleurs Arctiques et <a href=\"https:\/\/ravageeditions.noblogs.org\/\">Ravage \u00e9ditions<\/a><br \/>\nOctobre 2017<\/p>\n<p>&nbsp;<\/p>\n<p>&nbsp;<\/p>\n<p>&nbsp;<\/p>\n<p>&nbsp;<\/p>\n<p><a href=\"https:\/\/lesfleursarctiques.noblogs.org\/files\/2022\/01\/Anarcholiberal-16p-A5-pageparpage.pdf\"><img loading=\"lazy\" decoding=\"async\" class=\"alignleft wp-image-2160\" src=\"https:\/\/lesfleursarctiques.noblogs.org\/files\/2022\/01\/Anarcholiberal-Couv.png\" alt=\"\" width=\"300\" height=\"425\" srcset=\"https:\/\/lesfleursarctiques.noblogs.org\/files\/2022\/01\/Anarcholiberal-Couv.png 420w, https:\/\/lesfleursarctiques.noblogs.org\/files\/2022\/01\/Anarcholiberal-Couv-212x300.png 212w\" sizes=\"auto, (max-width: 300px) 100vw, 300px\" \/><\/a><\/p>\n<p>&nbsp;<\/p>\n<p style=\"text-align: center\"><strong>Contre l\u2019anarcho-lib\u00e9ralisme et la mal\u00e9diction des Identity politics<\/strong><br \/>\nTraduction de <em>Against Anarcho-Liberalism and the curse <\/em><br \/>\n<em>of identity politics<\/em> (Novembre 2018), brochure de <em>Woke Anarchists<\/em><br \/>\nLes Fleurs Arctiques et <a href=\"https:\/\/ravageeditions.noblogs.org\/\">Ravage \u00e9ditions<\/a><br \/>\nD\u00e9cembre 2018<\/p>\n<p>&nbsp;<\/p>\n<p>&nbsp;<\/p>\n<p>&nbsp;<\/p>\n<p>&nbsp;<\/p>\n<p><img loading=\"lazy\" decoding=\"async\" class=\"alignright wp-image-1480\" src=\"https:\/\/lesfleursarctiques.noblogs.org\/files\/2019\/11\/MALD-5615-copie.jpg\" alt=\"\" width=\"300\" height=\"200\" \/><\/p>\n<p style=\"text-align: center\"><strong>Mort \u00e0 la d\u00e9mocratie<br \/>\n<\/strong>L\u00e9on de Mattis<br \/>\nR\u00e9\u00e9dition de <em>Mort \u00e0 la d\u00e9mocratie<\/em> paru chez L\u2019Altiplano (2007)<br \/>\net de <em>D\u00e9mocratie directe<\/em><br \/>\nLes Fleurs Arctiques<br \/>\nJuillet 2019<\/p>\n<p>&nbsp;<\/p>\n<p>&nbsp;<\/p>\n<p><a href=\"https:\/\/lesfleursarctiques.noblogs.org\/files\/2022\/01\/AntiAppel-A5-20p.pdf\"><img loading=\"lazy\" decoding=\"async\" class=\"alignleft wp-image-1620\" src=\"https:\/\/lesfleursarctiques.noblogs.org\/files\/2020\/03\/AntiAppel-A5-20p-722x1024.jpg\" alt=\"\" width=\"300\" height=\"426\" srcset=\"https:\/\/lesfleursarctiques.noblogs.org\/files\/2020\/03\/AntiAppel-A5-20p-722x1024.jpg 722w, https:\/\/lesfleursarctiques.noblogs.org\/files\/2020\/03\/AntiAppel-A5-20p-211x300.jpg 211w, https:\/\/lesfleursarctiques.noblogs.org\/files\/2020\/03\/AntiAppel-A5-20p-768x1090.jpg 768w, https:\/\/lesfleursarctiques.noblogs.org\/files\/2020\/03\/AntiAppel-A5-20p-1083x1536.jpg 1083w, https:\/\/lesfleursarctiques.noblogs.org\/files\/2020\/03\/AntiAppel-A5-20p-1444x2048.jpg 1444w, https:\/\/lesfleursarctiques.noblogs.org\/files\/2020\/03\/AntiAppel-A5-20p.jpg 1748w\" sizes=\"auto, (max-width: 300px) 100vw, 300px\" \/><\/a><\/p>\n<p>&nbsp;<\/p>\n<p>&nbsp;<\/p>\n<p style=\"text-align: center\"><strong>Pourquoi l\u2019appel est une impasse<\/strong><br \/>\nCompte rendu d\u2019un groupe de lecture impossible<br \/>\nLes Fleurs Arctiques et <a href=\"https:\/\/ravageeditions.noblogs.org\/\">Ravage \u00e9ditions<\/a> &#8211; F\u00e9vrier 2020<\/p>\n<p>&nbsp;<\/p>\n<p>&nbsp;<\/p>\n<p>&nbsp;<\/p>\n<p>&nbsp;<\/p>\n<p>&nbsp;<\/p>\n<p><a href=\"https:\/\/lesfleursarctiques.noblogs.org\/files\/2024\/09\/WhiteAlly-pageparpage.pdf\"><img loading=\"lazy\" decoding=\"async\" class=\"alignright wp-image-2204\" src=\"https:\/\/lesfleursarctiques.noblogs.org\/files\/2022\/03\/WhiteAlly_ImpCouv-Copie.jpg\" alt=\"\" width=\"300\" height=\"424\" srcset=\"https:\/\/lesfleursarctiques.noblogs.org\/files\/2022\/03\/WhiteAlly_ImpCouv-Copie.jpg 1754w, https:\/\/lesfleursarctiques.noblogs.org\/files\/2022\/03\/WhiteAlly_ImpCouv-Copie-212x300.jpg 212w, https:\/\/lesfleursarctiques.noblogs.org\/files\/2022\/03\/WhiteAlly_ImpCouv-Copie-724x1024.jpg 724w, https:\/\/lesfleursarctiques.noblogs.org\/files\/2022\/03\/WhiteAlly_ImpCouv-Copie-768x1086.jpg 768w, https:\/\/lesfleursarctiques.noblogs.org\/files\/2022\/03\/WhiteAlly_ImpCouv-Copie-1086x1536.jpg 1086w, https:\/\/lesfleursarctiques.noblogs.org\/files\/2022\/03\/WhiteAlly_ImpCouv-Copie-1448x2048.jpg 1448w\" sizes=\"auto, (max-width: 300px) 100vw, 300px\" \/><\/a><\/p>\n<p>&nbsp;<\/p>\n<p>&nbsp;<\/p>\n<p>&nbsp;<\/p>\n<p style=\"text-align: center\"><strong>L\u00e2ches, un autre mot<br \/>\n<\/strong><strong>pour qualifier les \u00ab\u00a0alli\u00e9s blancs\u00a0\u00bb<br \/>\n<\/strong>Une traduction du texte<strong><br \/>\n<\/strong><em>Another word for \u00ab White Ally \u00bb is coward<\/em><br \/>\nLes Fleurs Arctiques<br \/>\nJanvier 2022<\/p>\n<p style=\"text-align: center\"><strong>\u00a0<\/strong><\/p>\n<p>&nbsp;<\/p>\n<p>&nbsp;<\/p>\n<p>&nbsp;<\/p>\n<p>&nbsp;<\/p>\n<p><a href=\"https:\/\/lesfleursarctiques.noblogs.org\/files\/2024\/05\/Mille-nuance-PDF.pdf\"><img loading=\"lazy\" decoding=\"async\" class=\"alignleft wp-image-2993\" src=\"https:\/\/lesfleursarctiques.noblogs.org\/files\/2024\/05\/Mille-nuance-PDF-FINI-1-211x300.jpg\" alt=\"\" width=\"300\" height=\"426\" srcset=\"https:\/\/lesfleursarctiques.noblogs.org\/files\/2024\/05\/Mille-nuance-PDF-FINI-1-211x300.jpg 211w, https:\/\/lesfleursarctiques.noblogs.org\/files\/2024\/05\/Mille-nuance-PDF-FINI-1-722x1024.jpg 722w, https:\/\/lesfleursarctiques.noblogs.org\/files\/2024\/05\/Mille-nuance-PDF-FINI-1-768x1090.jpg 768w, https:\/\/lesfleursarctiques.noblogs.org\/files\/2024\/05\/Mille-nuance-PDF-FINI-1-1083x1536.jpg 1083w, https:\/\/lesfleursarctiques.noblogs.org\/files\/2024\/05\/Mille-nuance-PDF-FINI-1-1444x2048.jpg 1444w, https:\/\/lesfleursarctiques.noblogs.org\/files\/2024\/05\/Mille-nuance-PDF-FINI-1.jpg 1748w\" sizes=\"auto, (max-width: 300px) 100vw, 300px\" \/><\/a><\/p>\n<p>&nbsp;<\/p>\n<p>&nbsp;<\/p>\n<p style=\"text-align: center\"><strong>Contre la R\u00e9action, <\/strong><br \/>\n<strong>Mille nuances de r\u00e9acs<\/strong>&#8230;<br \/>\nLes Fleurs Arctiques et <a href=\"https:\/\/ravageeditions.noblogs.org\/\">Ravage Editions<\/a><br \/>\nMai 2024<\/p>\n","protected":false},"excerpt":{"rendered":"<p>&nbsp; &nbsp; Les Mujeres Libres et la question de la \u00ab\u00a0non-mixit\u00e9\u00a0\u00bb Avec des textes de Luc\u00eda S\u00e1nchez Saornil (1935) Les Fleurs Arctiques et Ravage \u00e9ditions Octobre 2017 &nbsp; &nbsp; &nbsp; &nbsp; &nbsp; Contre l\u2019anarcho-lib\u00e9ralisme et la mal\u00e9diction des Identity politics Traduction de Against Anarcho-Liberalism and the curse of identity politics (Novembre 2018), brochure de Woke &hellip; <\/p>\n<p class=\"link-more\"><a href=\"https:\/\/lesfleursarctiques.noblogs.org\/?page_id=2158\" class=\"more-link\">Continuer la lecture<span class=\"screen-reader-text\"> de &laquo;&nbsp;Publications&nbsp;&raquo;<\/span><\/a><\/p>\n","protected":false},"author":11668,"featured_media":0,"parent":0,"menu_order":0,"comment_status":"closed","ping_status":"closed","template":"","meta":{"footnotes":""},"class_list":["post-2158","page","type-page","status-publish","hentry"],"_links":{"self":[{"href":"https:\/\/lesfleursarctiques.noblogs.org\/index.php?rest_route=\/wp\/v2\/pages\/2158","targetHints":{"allow":["GET"]}}],"collection":[{"href":"https:\/\/lesfleursarctiques.noblogs.org\/index.php?rest_route=\/wp\/v2\/pages"}],"about":[{"href":"https:\/\/lesfleursarctiques.noblogs.org\/index.php?rest_route=\/wp\/v2\/types\/page"}],"author":[{"embeddable":true,"href":"https:\/\/lesfleursarctiques.noblogs.org\/index.php?rest_route=\/wp\/v2\/users\/11668"}],"replies":[{"embeddable":true,"href":"https:\/\/lesfleursarctiques.noblogs.org\/index.php?rest_route=%2Fwp%2Fv2%2Fcomments&post=2158"}],"version-history":[{"count":13,"href":"https:\/\/lesfleursarctiques.noblogs.org\/index.php?rest_route=\/wp\/v2\/pages\/2158\/revisions"}],"predecessor-version":[{"id":3123,"href":"https:\/\/lesfleursarctiques.noblogs.org\/index.php?rest_route=\/wp\/v2\/pages\/2158\/revisions\/3123"}],"wp:attachment":[{"href":"https:\/\/lesfleursarctiques.noblogs.org\/index.php?rest_route=%2Fwp%2Fv2%2Fmedia&parent=2158"}],"curies":[{"name":"wp","href":"https:\/\/api.w.org\/{rel}","templated":true}]}}